{"id":5869,"date":"2023-06-21T03:45:06","date_gmt":"2023-06-21T03:45:06","guid":{"rendered":"https:\/\/www.droptheinfo.com\/es\/?page_id=5869"},"modified":"2023-06-25T00:52:04","modified_gmt":"2023-06-25T00:52:04","slug":"sobre-nosotros","status":"publish","type":"page","link":"https:\/\/www.droptheinfo.com\/es\/sobre-nosotros\/","title":{"rendered":"Sobre nosotros"},"content":{"rendered":"<p><strong>Drop The Info<\/strong> es un sitio web hecho para brindarle a sus lectores las noticias m\u00e1s recientes. Nace con la intenci\u00f3n de informar y generar una comunidad interactiva sobre acontecimientos del mundo, <strong>nos enfocamos en ofrecer contenido enriquecido, confiable y variado para mantener a nuestros lectores bien informados<\/strong> sobre los temas de su inter\u00e9s.<\/p>\n<p>Desde entonces estamos publicando las mejores noticias en todo \u00e1mbito para informar a nuestros lectores.<\/p>\n<p>Esta comunidad tambi\u00e9n est\u00e1 disponible en ingl\u00e9s siguiendo el link: <a href=\"https:\/\/www.droptheinfo.com\/\" target=\"_blank\" rel=\"noopener\">https:\/\/www.droptheinfo.com\/<\/a> donde podr\u00e1s encontrar informaci\u00f3n enfocada al p\u00fablico anglosaj\u00f3n.<\/p>\n<p><strong>Para nosotros, la claridad, transparencia y veracidad son muy importantes, esperamos notes eso en nuestro contenido, nos encanta que est\u00e9s aqu\u00ed.<\/strong><\/p>\n<p>A continuaci\u00f3n, te mostramos nuestra oficina principal, sin embargo, tenemos agentes trabajando en varios lugares del mundo con el fin de cubrir, verificar y publicar con m\u00e1s rapidez toda la informaci\u00f3n para entregarla totalmente fresca a nuestros lectores.<\/p>\n<p><img fetchpriority=\"high\" decoding=\"async\" class=\"alignnone size-full wp-image-5870 lazyload\" src=\"data:image\/gif;base64,R0lGODlhAQABAAAAACH5BAEKAAEALAAAAAABAAEAAAICTAEAOw==\" data-src=\"https:\/\/www.droptheinfo.com\/es\/wp-content\/uploads\/2023\/06\/drop-the-info-office.jpg\" alt=\"\" width=\"1024\" height=\"768\" data-sizes=\"auto\" data-srcset=\"https:\/\/www.droptheinfo.com\/es\/wp-content\/uploads\/2023\/06\/drop-the-info-office.jpg 1024w, https:\/\/www.droptheinfo.com\/es\/wp-content\/uploads\/2023\/06\/drop-the-info-office-300x225.jpg 300w, https:\/\/www.droptheinfo.com\/es\/wp-content\/uploads\/2023\/06\/drop-the-info-office-768x576.jpg 768w, https:\/\/www.droptheinfo.com\/es\/wp-content\/uploads\/2023\/06\/drop-the-info-office-750x563.jpg 750w\" sizes=\"(max-width: 1024px) 100vw, 1024px\" \/><\/p>\n","protected":false},"excerpt":{"rendered":"<p>Drop The Info es un sitio web hecho para brindarle a sus lectores las noticias m\u00e1s recientes. Nace con la intenci\u00f3n de informar y generar una comunidad interactiva sobre acontecimientos del mundo, nos enfocamos en ofrecer contenido enriquecido, confiable y variado para mantener a nuestros lectores bien informados sobre los temas de su inter\u00e9s. Desde [&hellip;]<\/p>\n","protected":false},"author":1,"featured_media":0,"parent":0,"menu_order":0,"comment_status":"closed","ping_status":"closed","template":"","meta":{"footnotes":""},"class_list":["post-5869","page","type-page","status-publish","hentry"],"_links":{"self":[{"href":"https:\/\/www.droptheinfo.com\/es\/wp-json\/wp\/v2\/pages\/5869","targetHints":{"allow":["GET"]}}],"collection":[{"href":"https:\/\/www.droptheinfo.com\/es\/wp-json\/wp\/v2\/pages"}],"about":[{"href":"https:\/\/www.droptheinfo.com\/es\/wp-json\/wp\/v2\/types\/page"}],"author":[{"embeddable":true,"href":"https:\/\/www.droptheinfo.com\/es\/wp-json\/wp\/v2\/users\/1"}],"replies":[{"embeddable":true,"href":"https:\/\/www.droptheinfo.com\/es\/wp-json\/wp\/v2\/comments?post=5869"}],"version-history":[{"count":4,"href":"https:\/\/www.droptheinfo.com\/es\/wp-json\/wp\/v2\/pages\/5869\/revisions"}],"predecessor-version":[{"id":6309,"href":"https:\/\/www.droptheinfo.com\/es\/wp-json\/wp\/v2\/pages\/5869\/revisions\/6309"}],"wp:attachment":[{"href":"https:\/\/www.droptheinfo.com\/es\/wp-json\/wp\/v2\/media?parent=5869"}],"curies":[{"name":"wp","href":"https:\/\/api.w.org\/{rel}","templated":true}]}}