{"id":5855,"date":"2023-06-21T02:35:23","date_gmt":"2023-06-21T02:35:23","guid":{"rendered":"https:\/\/www.droptheinfo.com\/es\/?page_id=5855"},"modified":"2023-07-27T19:47:02","modified_gmt":"2023-07-28T02:47:02","slug":"terminos-y-condiciones","status":"publish","type":"page","link":"https:\/\/www.droptheinfo.com\/es\/terminos-y-condiciones\/","title":{"rendered":"T\u00e9rminos y condiciones"},"content":{"rendered":"<p>El portal\u00a0<strong>www.droptheinfo.com\/es\/ <\/strong>es propiedad de Music Mundial \u00a9. El acceso, participaci\u00f3n y uso del Sitio es gratuito y est\u00e1 regido por los t\u00e9rminos y condiciones que se incluyen a continuaci\u00f3n, los cuales se entienden conocidos y aceptados por los (las) usuarios(as) del Sitio:<\/p>\n<p><strong>1.<\/strong>\u00a0Informaci\u00f3n contenida en el Portal<\/p>\n<p><strong>1.1<\/strong> Propiedad del contenido del Portal \u2013 Copyright:<br \/>\nEsta p\u00e1gina de Internet y su contenido son de propiedad de\u00a0<strong>Music Mundial<\/strong>\u00a0\u00a9. Est\u00e1 prohibida su reproducci\u00f3n total o parcial, su traducci\u00f3n, inclusi\u00f3n, transmisi\u00f3n, almacenamiento o acceso a trav\u00e9s de medios anal\u00f3gicos, digitales o de cualquier otro sistema o tecnolog\u00eda creada o por crearse, sin autorizaci\u00f3n previa y escrita de Music Mundial.<\/p>\n<p>No obstante, es posible descargar material de www.droptheinfo.com\/es\/ o sus afiliadas para uso personal y no comercial, siempre y cuando se haga expresa menci\u00f3n de la propiedad en cabeza de Music Mundial.<br \/>\nLos links a otras p\u00e1ginas de Internet, distintas de aquellas de las cuales Drop The Info y Music Mundial son propietarias, ser\u00e1n ofrecidas como un servicio a los lectores. Music Mundial y Drop The Info no estuvieron involucradas en su producci\u00f3n y por lo tanto no son responsables por su contenido.<\/p>\n<p><strong>2.<\/strong>\u00a0Todo comentario que hagas est\u00e1 sujeto a ser usado por nosotros, sin limitaci\u00f3n alguna.<\/p>\n<p><strong>3.<\/strong> Si ves algo que no te gusta, recuerda que todo lo que aparece en los comentarios proviene directamente de otros visitantes, y no de alguien de Drop The Info. En Drop The Info no le decimos a nadie qu\u00e9 decir, pues ellos pueden pensar por s\u00ed mismos. Sin embargo, si alguien te env\u00eda un mensaje ofensivo, nos encargaremos de hacer todo lo posible para que no vuelva a suceder.<strong> Queremos que Drop The Info y Music Mundial sean unos sitios limpios y seguros para pasarlo bien.<\/strong><\/p>\n<p>Este sitio web, al igual que la mayor\u00eda de los sitios en Internet, usa\u00a0<strong>Cookies<\/strong>\u00a0para mejorar y optimizar la experiencia del usuario.<\/p>\n<p>A continuaci\u00f3n encontrar\u00e1 informaci\u00f3n detallada sobre qu\u00e9 son las\u00a0<strong>Cookies<\/strong>, qu\u00e9 tipo de\u00a0<strong>Cookies<\/strong>\u00a0utiliza este sitio web, c\u00f3mo puede desactivarlas en su navegador y c\u00f3mo bloquear espec\u00edficamente la instalaci\u00f3n de\u00a0<strong>Cookies<\/strong>\u00a0de terceros.<\/p>\n<h2 class=\"tipo2\">4. \u00bfQu\u00e9 son las Cookies?<\/h2>\n<p>Las\u00a0<strong>Cookies<\/strong>\u00a0son archivos que los sitios web o las aplicaciones instalan en el navegador o en el dispositivo (smartphone, tablet o televisi\u00f3n conectada) del usuario durante su recorrido por las p\u00e1ginas del sitio o por la aplicaci\u00f3n, y sirven para almacenar informaci\u00f3n sobre su visita.<\/p>\n<p>Como la mayor\u00eda de los sitios en internet, este sitio web utiliza\u00a0<strong>Cookies<\/strong>\u00a0para:<\/p>\n<ul class=\"tipo2\">\n<li>Asegurar que las p\u00e1ginas web pueden funcionar correctamente.<\/li>\n<li>Almacenar las preferencias, como el idioma que ha seleccionado o el tama\u00f1o de letra.<\/li>\n<li>Conocer la experiencia de navegaci\u00f3n del usuario.<\/li>\n<li>Recopilar informaci\u00f3n estad\u00edstica an\u00f3nima, como qu\u00e9 p\u00e1ginas ha visitado el usuario o cu\u00e1nto tiempo ha permanecido en el sitio web.<\/li>\n<\/ul>\n<p>El uso de\u00a0<strong>Cookies<\/strong>\u00a0permite optimizar la navegaci\u00f3n, adaptando la informaci\u00f3n y los servicios ofrecidos a los intereses del usuario, para proporcionarle una mejor experiencia siempre que visita el sitio web.<\/p>\n<p>Este sitio web utiliza\u00a0<strong>Cookies<\/strong>\u00a0para funcionar, adaptar y facilitar al m\u00e1ximo la navegaci\u00f3n del usuario.<\/p>\n<p>| <a href=\"https:\/\/www.droptheinfo.com\/es\/\">Chrome<\/a> | <a href=\"https:\/\/www.droptheinfo.com\/es\/amp\/\">Firefox<\/a> | <a href=\"https:\/\/www.droptheinfo.com\/es\/amp\/\">Safari<\/a> | <a href=\"https:\/\/www.droptheinfo.com\/es\/\">Edge<\/a> |<\/p>\n","protected":false},"excerpt":{"rendered":"<p>El portal\u00a0www.droptheinfo.com\/es\/ es propiedad de Music Mundial \u00a9. El acceso, participaci\u00f3n y uso del Sitio es gratuito y est\u00e1 regido por los t\u00e9rminos y condiciones que se incluyen a continuaci\u00f3n, los cuales se entienden conocidos y aceptados por los (las) usuarios(as) del Sitio: 1.\u00a0Informaci\u00f3n contenida en el Portal 1.1 Propiedad del contenido del Portal \u2013 [&hellip;]<\/p>\n","protected":false},"author":1,"featured_media":0,"parent":0,"menu_order":0,"comment_status":"closed","ping_status":"closed","template":"","meta":{"footnotes":""},"class_list":["post-5855","page","type-page","status-publish","hentry"],"_links":{"self":[{"href":"https:\/\/www.droptheinfo.com\/es\/wp-json\/wp\/v2\/pages\/5855","targetHints":{"allow":["GET"]}}],"collection":[{"href":"https:\/\/www.droptheinfo.com\/es\/wp-json\/wp\/v2\/pages"}],"about":[{"href":"https:\/\/www.droptheinfo.com\/es\/wp-json\/wp\/v2\/types\/page"}],"author":[{"embeddable":true,"href":"https:\/\/www.droptheinfo.com\/es\/wp-json\/wp\/v2\/users\/1"}],"replies":[{"embeddable":true,"href":"https:\/\/www.droptheinfo.com\/es\/wp-json\/wp\/v2\/comments?post=5855"}],"version-history":[{"count":3,"href":"https:\/\/www.droptheinfo.com\/es\/wp-json\/wp\/v2\/pages\/5855\/revisions"}],"predecessor-version":[{"id":5864,"href":"https:\/\/www.droptheinfo.com\/es\/wp-json\/wp\/v2\/pages\/5855\/revisions\/5864"}],"wp:attachment":[{"href":"https:\/\/www.droptheinfo.com\/es\/wp-json\/wp\/v2\/media?parent=5855"}],"curies":[{"name":"wp","href":"https:\/\/api.w.org\/{rel}","templated":true}]}}