{"id":5851,"date":"2023-06-21T02:18:07","date_gmt":"2023-06-21T02:18:07","guid":{"rendered":"https:\/\/www.droptheinfo.com\/es\/?page_id=5851"},"modified":"2023-06-21T02:18:07","modified_gmt":"2023-06-21T02:18:07","slug":"contactenos","status":"publish","type":"page","link":"https:\/\/www.droptheinfo.com\/es\/contactenos\/","title":{"rendered":"Cont\u00e1ctenos"},"content":{"rendered":"<p><strong>Bienvenidos<\/strong> a la secci\u00f3n de contacto de <strong>Drop The Info<\/strong>, en donde podr\u00e1 comunicarse v\u00eda correo electr\u00f3nico y lograr aclarar sus dudas sobre cualquier asunto del sitio web.<\/p>\n<p><em><strong>Solo estamos aceptando solicitudes de Soporte, dudas y PR (Relaciones p\u00fablicas) no estamos aceptando nuevas OFERTAS compa\u00f1\u00edas de anuncios.\u00a0<\/strong><\/em><\/p>\n<p>Env\u00eda tu mensaje a <strong>musicmundial@outlook.com<\/strong> y te responderemos lo antes posible.<\/p>\n","protected":false},"excerpt":{"rendered":"<p>Bienvenidos a la secci\u00f3n de contacto de Drop The Info, en donde podr\u00e1 comunicarse v\u00eda correo electr\u00f3nico y lograr aclarar sus dudas sobre cualquier asunto del sitio web. Solo estamos aceptando solicitudes de Soporte, dudas y PR (Relaciones p\u00fablicas) no estamos aceptando nuevas OFERTAS compa\u00f1\u00edas de anuncios.\u00a0 Env\u00eda tu mensaje a musicmundial@outlook.com y te responderemos [&hellip;]<\/p>\n","protected":false},"author":1,"featured_media":0,"parent":0,"menu_order":0,"comment_status":"closed","ping_status":"closed","template":"","meta":{"footnotes":""},"class_list":["post-5851","page","type-page","status-publish","hentry"],"_links":{"self":[{"href":"https:\/\/www.droptheinfo.com\/es\/wp-json\/wp\/v2\/pages\/5851","targetHints":{"allow":["GET"]}}],"collection":[{"href":"https:\/\/www.droptheinfo.com\/es\/wp-json\/wp\/v2\/pages"}],"about":[{"href":"https:\/\/www.droptheinfo.com\/es\/wp-json\/wp\/v2\/types\/page"}],"author":[{"embeddable":true,"href":"https:\/\/www.droptheinfo.com\/es\/wp-json\/wp\/v2\/users\/1"}],"replies":[{"embeddable":true,"href":"https:\/\/www.droptheinfo.com\/es\/wp-json\/wp\/v2\/comments?post=5851"}],"version-history":[{"count":2,"href":"https:\/\/www.droptheinfo.com\/es\/wp-json\/wp\/v2\/pages\/5851\/revisions"}],"predecessor-version":[{"id":5853,"href":"https:\/\/www.droptheinfo.com\/es\/wp-json\/wp\/v2\/pages\/5851\/revisions\/5853"}],"wp:attachment":[{"href":"https:\/\/www.droptheinfo.com\/es\/wp-json\/wp\/v2\/media?parent=5851"}],"curies":[{"name":"wp","href":"https:\/\/api.w.org\/{rel}","templated":true}]}}